{"id":11,"date":"2023-11-17T00:15:50","date_gmt":"2023-11-17T00:15:50","guid":{"rendered":"https:\/\/dangiaohungthinh.com\/blog\/?page_id=11"},"modified":"2023-11-17T00:15:50","modified_gmt":"2023-11-17T00:15:50","slug":"chinh-sach-bao-mat","status":"publish","type":"page","link":"https:\/\/dangiaohungthinh.com\/blog\/chinh-sach-bao-mat\/","title":{"rendered":"Ch\u00ednh s\u00e1ch b\u1ea3o m\u1eadt"},"content":{"rendered":"<p>T\u1ea1i https:\/\/dangiaohungthinh.com, s\u1ef1 ri\u00eang t\u01b0 c\u1ee7a kh\u00e1ch th\u0103m l\u00e0 r\u1ea5t quan tr\u1ecdng \u0111\u1ed1i v\u1edbi ch\u00fang t\u00f4i.<\/p>\n<p>Ch\u00fang t\u00f4i \u0111\u00e1nh gi\u00e1 cao s\u1ef1 ri\u00eang t\u01b0 c\u1ee7a b\u1ea1n v\u00e0 cam k\u1ebft b\u1ea3o v\u1ec7 th\u00f4ng tin c\u00e1 nh\u00e2n c\u1ee7a b\u1ea1n khi b\u1ea1n truy c\u1eadp https:\/\/dangiaohungthinh.com. \u0110i\u1ec1u n\u00e0y bao g\u1ed3m vi\u1ec7c thu th\u1eadp v\u00e0 s\u1eed d\u1ee5ng nhi\u1ec1u lo\u1ea1i th\u00f4ng tin c\u00e1 nh\u00e2n nh\u01b0 \u0111\u1ecba ch\u1ec9 IP c\u1ee7a b\u1ea1n, nh\u00e0 cung c\u1ea5p d\u1ecbch v\u1ee5 internet b\u1ea1n s\u1eed d\u1ee5ng (v\u00ed d\u1ee5, AOL ho\u1eb7c Shaw Cable), tr\u00ecnh duy\u1ec7t web c\u1ee7a b\u1ea1n (v\u00ed d\u1ee5, Internet Explorer ho\u1eb7c Firefox), th\u1eddi gian b\u1ea1n truy c\u1eadp v\u00e0 c\u00e1c trang web b\u1ea1n truy c\u1eadp tr\u00ean trang web c\u1ee7a ch\u00fang t\u00f4i, t\u1ea5t c\u1ea3 \u0111\u1ec1u \u0111\u01b0\u1ee3c l\u01b0u tr\u1eef trong c\u00e1c t\u1ec7p nh\u1eadt k\u00fd. H\u00e3y y\u00ean t\u00e2m r\u1eb1ng ch\u00fang t\u00f4i kh\u00f4ng b\u00e1n th\u00f4ng tin c\u00e1 nh\u00e2n c\u1ee7a b\u1ea1n cho b\u00ean th\u1ee9 ba.<\/p>\n<p>\u0110\u1ec3 c\u1ea3i thi\u1ec7n tr\u1ea3i nghi\u1ec7m duy\u1ec7t web c\u1ee7a b\u1ea1n tr\u00ean trang web c\u1ee7a ch\u00fang t\u00f4i, ch\u00fang t\u00f4i s\u1eed d\u1ee5ng cookie. Nh\u1eefng cookie n\u00e0y l\u01b0u tr\u1eef c\u00e1c t\u00f9y ch\u1ecdn c\u1ee7a b\u1ea1n, bao g\u1ed3m c\u00e1c t\u00f9y ch\u1ecdn nh\u01b0 hi\u1ec3n th\u1ecb c\u1eeda s\u1ed5 pop-up ch\u1ec9 m\u1ed9t l\u1ea7n trong su\u1ed1t l\u01b0\u1ee3t truy c\u1eadp c\u1ee7a b\u1ea1n ho\u1eb7c cung c\u1ea5p quy\u1ec1n truy c\u1eadp v\u00e0o c\u00e1c t\u00ednh n\u0103ng c\u1ee5 th\u1ec3, ch\u1eb3ng h\u1ea1n nh\u01b0 di\u1ec5n \u0111\u00e0n.<\/p>\n<p>Ngo\u00e0i ra, ch\u00fang t\u00f4i s\u1eed d\u1ee5ng d\u1ecbch v\u1ee5 qu\u1ea3ng c\u00e1o c\u1ee7a b\u00ean th\u1ee9 ba \u0111\u1ec3 h\u1ed7 tr\u1ee3 trang web c\u1ee7a ch\u00fang t\u00f4i. M\u1ed9t s\u1ed1 nh\u00e0 qu\u1ea3ng c\u00e1o n\u00e0y c\u00f3 th\u1ec3 s\u1eed d\u1ee5ng cookie v\u00e0 web beacon \u0111\u1ec3 hi\u1ec3n th\u1ecb qu\u1ea3ng c\u00e1o khi b\u1ea1n truy c\u1eadp trang web c\u1ee7a ch\u00fang t\u00f4i. Nh\u1eefng nh\u00e0 qu\u1ea3ng c\u00e1o n\u00e0y, bao g\u1ed3m Google th\u00f4ng qua Google AdSense, c\u00f3 th\u1ec3 thu th\u1eadp th\u00f4ng tin nh\u01b0 \u0111\u1ecba ch\u1ec9 IP c\u1ee7a b\u1ea1n, nh\u00e0 cung c\u1ea5p d\u1ecbch v\u1ee5 internet, tr\u00ecnh duy\u1ec7t web b\u1ea1n s\u1eed d\u1ee5ng \u0111\u1ec3 truy c\u1eadp trang web c\u1ee7a ch\u00fang t\u00f4i v\u00e0 \u0111\u00f4i khi, vi\u1ec7c b\u1ea1n c\u00f3 k\u00edch ho\u1ea1t Flash hay kh\u00f4ng. M\u1ee5c \u0111\u00edch ch\u00ednh l\u00e0 \u0111\u1ecbnh v\u1ecb \u0111\u1ecba l\u00fd, t\u00f9y ch\u1ec9nh qu\u1ea3ng c\u00e1o (v\u00ed d\u1ee5, hi\u1ec3n th\u1ecb qu\u1ea3ng c\u00e1o b\u1ea5t \u0111\u1ed9ng s\u1ea3n \u1edf New York cho ng\u01b0\u1eddi \u1edf New York) ho\u1eb7c hi\u1ec3n th\u1ecb qu\u1ea3ng c\u00e1o li\u00ean quan \u0111\u1ebfn th\u1ef1c ph\u1ea9m cho ng\u01b0\u1eddi th\u01b0\u1eddng xuy\u00ean truy c\u1eadp c\u00e1c trang web li\u00ean quan \u0111\u1ebfn th\u1ef1c ph\u1ea9m.<\/p>\n<p>Ch\u00fang t\u00f4i c\u0169ng c\u00f3 th\u1ec3 s\u1eed d\u1ee5ng cookie DoubleClick DART \u0111\u1ec3 ph\u1ee5c v\u1ee5 qu\u1ea3ng c\u00e1o th\u00f4ng qua Google DoubleClick. Nh\u1eefng cookie n\u00e0y \u0111\u01b0\u1ee3c c\u00e0i \u0111\u1eb7t tr\u00ean m\u00e1y t\u00ednh c\u1ee7a b\u1ea1n khi b\u1ea1n truy c\u1eadp c\u00e1c trang web s\u1eed d\u1ee5ng qu\u1ea3ng c\u00e1o DoubleClick, bao g\u1ed3m m\u1ed9t s\u1ed1 qu\u1ea3ng c\u00e1o Google AdSense. Cookie DART cho ph\u00e9p hi\u1ec3n th\u1ecb qu\u1ea3ng c\u00e1o ph\u00f9 h\u1ee3p v\u1edbi s\u1edf th\u00edch c\u1ee7a b\u1ea1n d\u1ef1a tr\u00ean l\u1ecbch s\u1eed duy\u1ec7t web c\u1ee7a b\u1ea1n (\u0111\u01b0\u1ee3c g\u1ecdi l\u00e0 \u201cm\u1ee5c ti\u00eau d\u1ef1a tr\u00ean s\u1edf th\u00edch\u201d). Ch\u00fang kh\u00f4ng theo d\u00f5i ho\u1eb7c ti\u1ebft l\u1ed9 th\u00f4ng tin c\u00e1 nh\u00e2n v\u1ec1 b\u1ea1n, ch\u1eb3ng h\u1ea1n nh\u01b0 t\u00ean, \u0111\u1ecba ch\u1ec9 email, \u0111\u1ecba ch\u1ec9 v\u1eadn chuy\u1ec3n, s\u1ed1 An sinh x\u00e3 h\u1ed9i, s\u1ed1 t\u00e0i kho\u1ea3n ng\u00e2n h\u00e0ng ho\u1eb7c s\u1ed1 th\u1ebb t\u00edn d\u1ee5ng.<\/p>\n<p>B\u1ea1n c\u00f3 th\u1ec3 t\u1eaft ho\u1eb7c t\u1eaft m\u1ed9t c\u00e1ch ch\u1ecdn l\u1ecdc cookie c\u1ee7a ch\u00fang t\u00f4i ho\u1eb7c cookie c\u1ee7a b\u00ean th\u1ee9 ba trong c\u00e0i \u0111\u1eb7t tr\u00ecnh duy\u1ec7t c\u1ee7a b\u1ea1n ho\u1eb7c th\u00f4ng qua c\u00e1c ch\u01b0\u01a1ng tr\u00ecnh ph\u1ea7n m\u1ec1m nh\u01b0 Norton Internet Security. Tuy nhi\u00ean, h\u00e3y l\u01b0u \u00fd r\u1eb1ng \u0111i\u1ec1u n\u00e0y c\u00f3 th\u1ec3 \u1ea3nh h\u01b0\u1edfng \u0111\u1ebfn kh\u1ea3 n\u0103ng t\u01b0\u01a1ng t\u00e1c c\u1ee7a b\u1ea1n v\u1edbi trang web c\u1ee7a ch\u00fang t\u00f4i v\u00e0 c\u00e1c trang web kh\u00e1c, bao g\u1ed3m kh\u1ea3 n\u0103ng \u0111\u0103ng nh\u1eadp v\u00e0o di\u1ec5n \u0111\u00e0n ho\u1eb7c t\u00e0i kho\u1ea3n.<\/p>\n<p>L\u01b0u \u00fd r\u1eb1ng vi\u1ec7c t\u1eaft cookie kh\u00f4ng c\u00f3 ngh\u0129a b\u1ea1n \u0111\u00e3 t\u1eaft m\u1ed9t c\u00e1ch v\u0129nh vi\u1ec5n kh\u1ecfi b\u1ea5t k\u1ef3 ch\u01b0\u01a1ng tr\u00ecnh qu\u1ea3ng c\u00e1o n\u00e0o. H\u01a1n n\u1eefa, n\u1ebfu b\u1ea1n \u0111\u00e3 c\u1ea5u h\u00ecnh tr\u00ecnh duy\u1ec7t c\u1ee7a m\u00ecnh \u0111\u1ec3 t\u1eeb ch\u1ed1i cookie khi truy c\u1eadp c\u00e1c trang web qu\u1ea3ng c\u00e1o, cookie m\u1edbi c\u00f3 th\u1ec3 v\u1eabn \u0111\u01b0\u1ee3c \u0111\u1eb7t tr\u00ean m\u00e1y t\u00ednh c\u1ee7a b\u1ea1n.<\/p>\n","protected":false},"excerpt":{"rendered":"<p>T\u1ea1i https:\/\/dangiaohungthinh.com, s\u1ef1 ri\u00eang t\u01b0 c\u1ee7a kh\u00e1ch th\u0103m l\u00e0 r\u1ea5t quan tr\u1ecdng \u0111\u1ed1i v\u1edbi ch\u00fang t\u00f4i. Ch\u00fang t\u00f4i \u0111\u00e1nh gi\u00e1 cao s\u1ef1 ri\u00eang t\u01b0 c\u1ee7a b\u1ea1n v\u00e0 cam k\u1ebft b\u1ea3o v\u1ec7 th\u00f4ng tin c\u00e1 nh\u00e2n c\u1ee7a b\u1ea1n khi b\u1ea1n truy c\u1eadp https:\/\/dangiaohungthinh.com. \u0110i\u1ec1u n\u00e0y bao g\u1ed3m vi\u1ec7c thu th\u1eadp v\u00e0 [&hellip;]<\/p>\n","protected":false},"author":1,"featured_media":0,"parent":0,"menu_order":0,"comment_status":"closed","ping_status":"closed","template":"","meta":{"footnotes":""},"class_list":["post-11","page","type-page","status-publish","hentry"],"yoast_head":"<!-- This site is optimized with the Yoast SEO plugin v21.5 - https:\/\/yoast.com\/wordpress\/plugins\/seo\/ -->\n<title>Ch\u00ednh s\u00e1ch b\u1ea3o m\u1eadt - Dangiaohungthinh<\/title>\n<meta name=\"robots\" content=\"index, follow, max-snippet:-1, max-image-preview:large, max-video-preview:-1\" \/>\n<link rel=\"canonical\" href=\"https:\/\/dangiaohungthinh.com\/blog\/chinh-sach-bao-mat\/\" \/>\n<meta property=\"og:locale\" content=\"vi_VN\" \/>\n<meta property=\"og:type\" content=\"article\" \/>\n<meta property=\"og:title\" content=\"Ch\u00ednh s\u00e1ch b\u1ea3o m\u1eadt - Dangiaohungthinh\" \/>\n<meta property=\"og:description\" content=\"T\u1ea1i https:\/\/dangiaohungthinh.com, s\u1ef1 ri\u00eang t\u01b0 c\u1ee7a kh\u00e1ch th\u0103m l\u00e0 r\u1ea5t quan tr\u1ecdng \u0111\u1ed1i v\u1edbi ch\u00fang t\u00f4i. Ch\u00fang t\u00f4i \u0111\u00e1nh gi\u00e1 cao s\u1ef1 ri\u00eang t\u01b0 c\u1ee7a b\u1ea1n v\u00e0 cam k\u1ebft b\u1ea3o v\u1ec7 th\u00f4ng tin c\u00e1 nh\u00e2n c\u1ee7a b\u1ea1n khi b\u1ea1n truy c\u1eadp https:\/\/dangiaohungthinh.com. \u0110i\u1ec1u n\u00e0y bao g\u1ed3m vi\u1ec7c thu th\u1eadp v\u00e0 [&hellip;]\" \/>\n<meta property=\"og:url\" content=\"https:\/\/dangiaohungthinh.com\/blog\/chinh-sach-bao-mat\/\" \/>\n<meta property=\"og:site_name\" content=\"Dangiaohungthinh\" \/>\n<meta name=\"twitter:card\" content=\"summary_large_image\" \/>\n<meta name=\"twitter:label1\" content=\"\u01af\u1edbc t\u00ednh th\u1eddi gian \u0111\u1ecdc\" \/>\n\t<meta name=\"twitter:data1\" content=\"4 ph\u00fat\" \/>\n<script type=\"application\/ld+json\" class=\"yoast-schema-graph\">{\"@context\":\"https:\/\/schema.org\",\"@graph\":[{\"@type\":\"WebPage\",\"@id\":\"https:\/\/dangiaohungthinh.com\/blog\/chinh-sach-bao-mat\/\",\"url\":\"https:\/\/dangiaohungthinh.com\/blog\/chinh-sach-bao-mat\/\",\"name\":\"Ch\u00ednh s\u00e1ch b\u1ea3o m\u1eadt - Dangiaohungthinh\",\"isPartOf\":{\"@id\":\"https:\/\/dangiaohungthinh.com\/blog\/#website\"},\"datePublished\":\"2023-11-17T00:15:50+00:00\",\"dateModified\":\"2023-11-17T00:15:50+00:00\",\"breadcrumb\":{\"@id\":\"https:\/\/dangiaohungthinh.com\/blog\/chinh-sach-bao-mat\/#breadcrumb\"},\"inLanguage\":\"vi\",\"potentialAction\":[{\"@type\":\"ReadAction\",\"target\":[\"https:\/\/dangiaohungthinh.com\/blog\/chinh-sach-bao-mat\/\"]}]},{\"@type\":\"BreadcrumbList\",\"@id\":\"https:\/\/dangiaohungthinh.com\/blog\/chinh-sach-bao-mat\/#breadcrumb\",\"itemListElement\":[{\"@type\":\"ListItem\",\"position\":1,\"name\":\"Home\",\"item\":\"https:\/\/dangiaohungthinh.com\/blog\/\"},{\"@type\":\"ListItem\",\"position\":2,\"name\":\"Ch\u00ednh s\u00e1ch b\u1ea3o m\u1eadt\"}]},{\"@type\":\"WebSite\",\"@id\":\"https:\/\/dangiaohungthinh.com\/blog\/#website\",\"url\":\"https:\/\/dangiaohungthinh.com\/blog\/\",\"name\":\"Dangiaohungthinh\",\"description\":\"Blog\",\"publisher\":{\"@id\":\"https:\/\/dangiaohungthinh.com\/blog\/#organization\"},\"potentialAction\":[{\"@type\":\"SearchAction\",\"target\":{\"@type\":\"EntryPoint\",\"urlTemplate\":\"https:\/\/dangiaohungthinh.com\/blog\/?s={search_term_string}\"},\"query-input\":\"required name=search_term_string\"}],\"inLanguage\":\"vi\"},{\"@type\":\"Organization\",\"@id\":\"https:\/\/dangiaohungthinh.com\/blog\/#organization\",\"name\":\"Dangiaohungthinh\",\"url\":\"https:\/\/dangiaohungthinh.com\/blog\/\",\"logo\":{\"@type\":\"ImageObject\",\"inLanguage\":\"vi\",\"@id\":\"https:\/\/dangiaohungthinh.com\/blog\/#\/schema\/logo\/image\/\",\"url\":\"https:\/\/dangiaohungthinh.com\/blog\/wp-content\/uploads\/2023\/11\/cropped-\u0421\u043d\u0438\u043c\u043e\u043a-\u044d\u043a\u0440\u0430\u043d\u0430-2023-11-17-\u0432-03.17.21.png\",\"contentUrl\":\"https:\/\/dangiaohungthinh.com\/blog\/wp-content\/uploads\/2023\/11\/cropped-\u0421\u043d\u0438\u043c\u043e\u043a-\u044d\u043a\u0440\u0430\u043d\u0430-2023-11-17-\u0432-03.17.21.png\",\"width\":304,\"height\":304,\"caption\":\"Dangiaohungthinh\"},\"image\":{\"@id\":\"https:\/\/dangiaohungthinh.com\/blog\/#\/schema\/logo\/image\/\"}}]}<\/script>\n<!-- \/ Yoast SEO plugin. -->","yoast_head_json":{"title":"Ch\u00ednh s\u00e1ch b\u1ea3o m\u1eadt - Dangiaohungthinh","robots":{"index":"index","follow":"follow","max-snippet":"max-snippet:-1","max-image-preview":"max-image-preview:large","max-video-preview":"max-video-preview:-1"},"canonical":"https:\/\/dangiaohungthinh.com\/blog\/chinh-sach-bao-mat\/","og_locale":"vi_VN","og_type":"article","og_title":"Ch\u00ednh s\u00e1ch b\u1ea3o m\u1eadt - Dangiaohungthinh","og_description":"T\u1ea1i https:\/\/dangiaohungthinh.com, s\u1ef1 ri\u00eang t\u01b0 c\u1ee7a kh\u00e1ch th\u0103m l\u00e0 r\u1ea5t quan tr\u1ecdng \u0111\u1ed1i v\u1edbi ch\u00fang t\u00f4i. Ch\u00fang t\u00f4i \u0111\u00e1nh gi\u00e1 cao s\u1ef1 ri\u00eang t\u01b0 c\u1ee7a b\u1ea1n v\u00e0 cam k\u1ebft b\u1ea3o v\u1ec7 th\u00f4ng tin c\u00e1 nh\u00e2n c\u1ee7a b\u1ea1n khi b\u1ea1n truy c\u1eadp https:\/\/dangiaohungthinh.com. \u0110i\u1ec1u n\u00e0y bao g\u1ed3m vi\u1ec7c thu th\u1eadp v\u00e0 [&hellip;]","og_url":"https:\/\/dangiaohungthinh.com\/blog\/chinh-sach-bao-mat\/","og_site_name":"Dangiaohungthinh","twitter_card":"summary_large_image","twitter_misc":{"\u01af\u1edbc t\u00ednh th\u1eddi gian \u0111\u1ecdc":"4 ph\u00fat"},"schema":{"@context":"https:\/\/schema.org","@graph":[{"@type":"WebPage","@id":"https:\/\/dangiaohungthinh.com\/blog\/chinh-sach-bao-mat\/","url":"https:\/\/dangiaohungthinh.com\/blog\/chinh-sach-bao-mat\/","name":"Ch\u00ednh s\u00e1ch b\u1ea3o m\u1eadt - Dangiaohungthinh","isPartOf":{"@id":"https:\/\/dangiaohungthinh.com\/blog\/#website"},"datePublished":"2023-11-17T00:15:50+00:00","dateModified":"2023-11-17T00:15:50+00:00","breadcrumb":{"@id":"https:\/\/dangiaohungthinh.com\/blog\/chinh-sach-bao-mat\/#breadcrumb"},"inLanguage":"vi","potentialAction":[{"@type":"ReadAction","target":["https:\/\/dangiaohungthinh.com\/blog\/chinh-sach-bao-mat\/"]}]},{"@type":"BreadcrumbList","@id":"https:\/\/dangiaohungthinh.com\/blog\/chinh-sach-bao-mat\/#breadcrumb","itemListElement":[{"@type":"ListItem","position":1,"name":"Home","item":"https:\/\/dangiaohungthinh.com\/blog\/"},{"@type":"ListItem","position":2,"name":"Ch\u00ednh s\u00e1ch b\u1ea3o m\u1eadt"}]},{"@type":"WebSite","@id":"https:\/\/dangiaohungthinh.com\/blog\/#website","url":"https:\/\/dangiaohungthinh.com\/blog\/","name":"Dangiaohungthinh","description":"Blog","publisher":{"@id":"https:\/\/dangiaohungthinh.com\/blog\/#organization"},"potentialAction":[{"@type":"SearchAction","target":{"@type":"EntryPoint","urlTemplate":"https:\/\/dangiaohungthinh.com\/blog\/?s={search_term_string}"},"query-input":"required name=search_term_string"}],"inLanguage":"vi"},{"@type":"Organization","@id":"https:\/\/dangiaohungthinh.com\/blog\/#organization","name":"Dangiaohungthinh","url":"https:\/\/dangiaohungthinh.com\/blog\/","logo":{"@type":"ImageObject","inLanguage":"vi","@id":"https:\/\/dangiaohungthinh.com\/blog\/#\/schema\/logo\/image\/","url":"https:\/\/dangiaohungthinh.com\/blog\/wp-content\/uploads\/2023\/11\/cropped-\u0421\u043d\u0438\u043c\u043e\u043a-\u044d\u043a\u0440\u0430\u043d\u0430-2023-11-17-\u0432-03.17.21.png","contentUrl":"https:\/\/dangiaohungthinh.com\/blog\/wp-content\/uploads\/2023\/11\/cropped-\u0421\u043d\u0438\u043c\u043e\u043a-\u044d\u043a\u0440\u0430\u043d\u0430-2023-11-17-\u0432-03.17.21.png","width":304,"height":304,"caption":"Dangiaohungthinh"},"image":{"@id":"https:\/\/dangiaohungthinh.com\/blog\/#\/schema\/logo\/image\/"}}]}},"_links":{"self":[{"href":"https:\/\/dangiaohungthinh.com\/blog\/wp-json\/wp\/v2\/pages\/11"}],"collection":[{"href":"https:\/\/dangiaohungthinh.com\/blog\/wp-json\/wp\/v2\/pages"}],"about":[{"href":"https:\/\/dangiaohungthinh.com\/blog\/wp-json\/wp\/v2\/types\/page"}],"author":[{"embeddable":true,"href":"https:\/\/dangiaohungthinh.com\/blog\/wp-json\/wp\/v2\/users\/1"}],"replies":[{"embeddable":true,"href":"https:\/\/dangiaohungthinh.com\/blog\/wp-json\/wp\/v2\/comments?post=11"}],"version-history":[{"count":1,"href":"https:\/\/dangiaohungthinh.com\/blog\/wp-json\/wp\/v2\/pages\/11\/revisions"}],"predecessor-version":[{"id":12,"href":"https:\/\/dangiaohungthinh.com\/blog\/wp-json\/wp\/v2\/pages\/11\/revisions\/12"}],"wp:attachment":[{"href":"https:\/\/dangiaohungthinh.com\/blog\/wp-json\/wp\/v2\/media?parent=11"}],"curies":[{"name":"wp","href":"https:\/\/api.w.org\/{rel}","templated":true}]}}