{"id":13,"date":"2023-11-17T00:39:49","date_gmt":"2023-11-17T00:39:49","guid":{"rendered":"https:\/\/dangiaohungthinh.com\/blog\/?page_id=13"},"modified":"2023-11-17T00:39:49","modified_gmt":"2023-11-17T00:39:49","slug":"dieu-khoan-su-dung","status":"publish","type":"page","link":"https:\/\/dangiaohungthinh.com\/blog\/dieu-khoan-su-dung\/","title":{"rendered":"\u0110i\u1ec1u kho\u1ea3n s\u1eed d\u1ee5ng"},"content":{"rendered":"<p>H\u00e3y xem x\u00e9t k\u1ef9 c\u00e1c th\u00f4ng tin n\u00e0y tr\u01b0\u1edbc khi s\u1eed d\u1ee5ng c\u00e1c d\u1ecbch v\u1ee5 \u0111\u01b0\u1ee3c cung c\u1ea5p t\u1ea1i https:\/\/dangiaohungthinh.com.<\/p>\n<p>Vi\u1ec7c truy c\u1eadp v\u00e0 s\u1eed d\u1ee5ng d\u1ecbch v\u1ee5 n\u00e0y ph\u1ee5 thu\u1ed9c v\u00e0o s\u1ef1 \u0111\u1ed3ng \u00fd v\u00e0 tu\u00e2n th\u1ee7 c\u00e1c \u0111i\u1ec1u ki\u1ec7n n\u00e0y. C\u00e1c \u0111i\u1ec1u ki\u1ec7n n\u00e0y c\u00f3 hi\u1ec7u l\u1ef1c \u0111\u1ed1i v\u1edbi t\u1ea5t c\u1ea3 c\u00e1 nh\u00e2n, bao g\u1ed3m kh\u00e1ch th\u0103m, ng\u01b0\u1eddi d\u00f9ng v\u00e0 b\u1ea5t k\u1ef3 ai truy c\u1eadp ho\u1eb7c s\u1eed d\u1ee5ng d\u1ecbch v\u1ee5 n\u00e0y.<\/p>\n<p>B\u1eb1ng vi\u1ec7c truy c\u1eadp ho\u1eb7c s\u1eed d\u1ee5ng d\u1ecbch v\u1ee5 n\u00e0y, b\u1ea1n cam k\u1ebft tu\u00e2n th\u1ee7 c\u00e1c \u0111i\u1ec1u ki\u1ec7n n\u00e0y. N\u1ebfu b\u1ea1n kh\u00f4ng \u0111\u1ed3ng \u00fd v\u1edbi b\u1ea5t k\u1ef3 ph\u1ea7n n\u00e0o c\u1ee7a c\u00e1c \u0111i\u1ec1u ki\u1ec7n n\u00e0y, ch\u00fang t\u00f4i khuy\u00ean b\u1ea1n n\u00ean ng\u1eebng s\u1eed d\u1ee5ng d\u1ecbch v\u1ee5 n\u00e0y.<\/p>\n<p>Quy\u1ec1n S\u1edf H\u1eefu<br \/>\nD\u1ecbch v\u1ee5 n\u00e0y, c\u00f9ng v\u1edbi n\u1ed9i dung g\u1ed1c c\u1ee7a n\u00f3, l\u00e0 t\u00e0i s\u1ea3n tr\u00ed tu\u1ec7 c\u1ee7a https:\/\/dangiaohungthinh.com v\u00e0 ch\u1ee7 s\u1edf h\u1eefu \u0111\u01b0\u1ee3c c\u1ea5p ph\u00e9p c\u1ee7a d\u1ecbch v\u1ee5 n\u00e0y. D\u1ecbch v\u1ee5 n\u00e0y \u0111\u01b0\u1ee3c b\u1ea3o v\u1ec7 b\u1edfi b\u1ea3n quy\u1ec1n, th\u01b0\u01a1ng hi\u1ec7u v\u00e0 c\u00e1c lu\u1eadt ph\u00e1p kh\u00e1c t\u1ea1i Th\u00e1i Lan v\u00e0 c\u00e1c qu\u1ed1c gia kh\u00e1c. Vi\u1ec7c s\u1eed d\u1ee5ng quy\u1ec1n v\u00e0 logo c\u1ee7a ch\u00fang t\u00f4i l\u00e0 nghi\u00eam c\u1ea5m m\u00e0 kh\u00f4ng c\u1ea7n ph\u1ea3i c\u00f3 s\u1ef1 cho ph\u00e9p t\u1eeb https:\/\/dangiaohungthinh.com.<\/p>\n<p>Li\u00ean K\u1ebft \u0111\u1ebfn Trang Web B\u00ean Ngo\u00e0i<br \/>\nD\u1ecbch v\u1ee5 c\u1ee7a ch\u00fang t\u00f4i c\u00f3 th\u1ec3 bao g\u1ed3m c\u00e1c li\u00ean k\u1ebft t\u1edbi c\u00e1c trang web ho\u1eb7c d\u1ecbch v\u1ee5 c\u1ee7a b\u00ean th\u1ee9 ba m\u00e0 kh\u00f4ng thu\u1ed9c s\u1edf h\u1eefu ho\u1eb7c ki\u1ec3m so\u00e1t c\u1ee7a https:\/\/dangiaohungthinh.com.<\/p>\n<p>L\u01b0u \u00fd r\u1eb1ng https:\/\/dangiaohungthinh.com kh\u00f4ng ki\u1ec3m so\u00e1t n\u1ed9i dung, ch\u00ednh s\u00e1ch b\u1ea3o m\u1eadt ho\u1eb7c th\u1ef1c h\u00e0nh c\u1ee7a c\u00e1c trang web ho\u1eb7c d\u1ecbch v\u1ee5 c\u1ee7a b\u00ean th\u1ee9 ba. B\u1ea1n th\u1eeba nh\u1eadn v\u00e0 \u0111\u1ed3ng \u00fd r\u1eb1ng https:\/\/dangiaohungthinh.com s\u1ebd kh\u00f4ng ch\u1ecbu tr\u00e1ch nhi\u1ec7m \u0111\u1ed1i v\u1edbi b\u1ea5t k\u1ef3 lo\u1ea1i thi\u1ec7t h\u1ea1i ho\u1eb7c t\u1ed5n th\u1ea5t n\u00e0o, c\u00f3 th\u1ef1c s\u1ef1 ho\u1eb7c \u0111\u01b0\u1ee3c cho l\u00e0 c\u00f3 li\u00ean quan \u0111\u1ebfn ho\u1eb7c ph\u00e1t sinh t\u1eeb vi\u1ec7c s\u1eed d\u1ee5ng n\u1ed9i dung, s\u1ea3n ph\u1ea9m ho\u1eb7c d\u1ecbch v\u1ee5 c\u00f3 s\u1eb5n th\u00f4ng qua c\u00e1c trang web ho\u1eb7c d\u1ecbch v\u1ee5 \u0111\u00f3.<\/p>\n<p>Ch\u00fang t\u00f4i khuy\u00ean b\u1ea1n n\u00ean xem x\u00e9t k\u1ef9 c\u00e1c \u0111i\u1ec1u kho\u1ea3n v\u00e0 ch\u00ednh s\u00e1ch b\u1ea3o m\u1eadt c\u1ee7a c\u00e1c trang web ho\u1eb7c d\u1ecbch v\u1ee5 c\u1ee7a b\u00ean th\u1ee9 ba m\u00e0 b\u1ea1n truy c\u1eadp.<\/p>\n<p>Ch\u1ea5m D\u1ee9t<br \/>\nCh\u00fang t\u00f4i d\u00e0nh quy\u1ec1n ch\u1ea5m d\u1ee9t ho\u1eb7c t\u1ea1m ng\u1eebng ngay l\u1eadp t\u1ee9c quy\u1ec1n truy c\u1eadp c\u1ee7a b\u1ea1n v\u00e0o d\u1ecbch v\u1ee5 n\u00e0y v\u00ec b\u1ea5t k\u1ef3 l\u00fd do n\u00e0o, bao g\u1ed3m nh\u01b0ng kh\u00f4ng gi\u1edbi h\u1ea1n v\u00e0o vi\u1ec7c vi ph\u1ea1m c\u00e1c \u0111i\u1ec1u kho\u1ea3n, m\u00e0 kh\u00f4ng c\u1ea7n th\u00f4ng b\u00e1o tr\u01b0\u1edbc ho\u1eb7c g\u00e1n ngh\u0129a b\u1ea5t k\u1ef3 tr\u00e1ch nhi\u1ec7m n\u00e0o.<\/p>\n<p>Khi ch\u1ea5m d\u1ee9t, b\u1ea1n c\u1ea7n ng\u1eebng s\u1eed d\u1ee5ng d\u1ecbch v\u1ee5 m\u1ed9t c\u00e1ch ngay l\u1eadp t\u1ee9c.<\/p>\n<p>H\u1ea1n Ch\u1ebf Tr\u00e1ch Nhi\u1ec7m<br \/>\nD\u01b0\u1edbi b\u1ea5t k\u1ef3 ho\u00e0n c\u1ea3nh n\u00e0o, https:\/\/dangiaohungthinh.com, bao g\u1ed3m c\u1ea3 c\u00e1c gi\u00e1m \u0111\u1ed1c, nh\u00e2n vi\u00ean, \u0111\u1ed1i t\u00e1c, \u0111\u1ea1i l\u00fd, c\u1ed9ng t\u00e1c vi\u00ean ho\u1eb7c \u0111\u1ed1i t\u00e1c, \u0111\u1ec1u kh\u00f4ng ch\u1ecbu tr\u00e1ch nhi\u1ec7m v\u1ec1 thi\u1ec7t h\u1ea1i gi\u00e1n ti\u1ebfp, t\u00ecnh c\u1edd, \u0111\u1eb7c bi\u1ec7t, ph\u1ee5 thu\u1ed9c v\u00e0o nguy\u00ean nh\u00e2n hay b\u1ea5t k\u1ef3 lo\u1ea1i t\u1ed5n th\u1ea5t n\u00e0o kh\u00e1c. \u0110i\u1ec1u n\u00e0y bao g\u1ed3m, nh\u01b0ng kh\u00f4ng gi\u1edbi h\u1ea1n v\u00e0o: (i) m\u1ea5t quy\u1ec1n truy c\u1eadp ho\u1eb7c s\u1eed d\u1ee5ng, ho\u1eb7c kh\u00f4ng th\u1ec3 truy c\u1eadp ho\u1eb7c s\u1eed d\u1ee5ng d\u1ecbch v\u1ee5; (ii) h\u00e0nh \u0111\u1ed9ng c\u1ee7a b\u00ean th\u1ee9 ba trong d\u1ecbch v\u1ee5; (iii) n\u1ed9i dung \u0111\u01b0\u1ee3c thu th\u1eadp t\u1eeb d\u1ecbch v\u1ee5; (iv) vi\u1ec7c truy c\u1eadp, s\u1eed d\u1ee5ng ho\u1eb7c thay \u0111\u1ed5i tr\u00e1i ph\u00e9p c\u1ee7a th\u00f4ng tin truy\u1ec1n t\u1ea3i ho\u1eb7c n\u1ed9i dung c\u1ee7a b\u1ea1n. Cho d\u00f9 c\u00f3 ho\u1eb7c kh\u00f4ng ch\u00fang t\u00f4i \u0111\u00e3 \u0111\u01b0\u1ee3c c\u1ea3nh b\u00e1o v\u1ec1 kh\u1ea3 n\u0103ng c\u00f3 nh\u1eefng thi\u1ec7t h\u1ea1i nh\u01b0 v\u1eady, nh\u1eefng ho\u00e0n c\u1ea3nh n\u00e0y c\u00f3 th\u1ec3 ph\u00e1t sinh t\u1eeb ho\u1eb7c li\u00ean quan \u0111\u1ebfn vi\u1ec7c b\u1ea1n s\u1eed d\u1ee5ng ho\u1eb7c truy c\u1eadp v\u00e0o d\u1ecbch v\u1ee5, c\u00f3 th\u1ec3 trong khu\u00f4n kh\u1ed5 c\u1ee7a h\u1ee3p \u0111\u1ed3ng, vi\u1ec7c l\u00e0m (bao g\u1ed3m c\u1ea3 t negligence), ho\u1eb7c b\u1ea5t k\u1ef3 l\u00fd thuy\u1ebft tr\u00e1ch nhi\u1ec7m n\u00e0o kh\u00e1c.<\/p>\n<p>Kh\u00f4ng C\u00f3 B\u1ea3o \u0110\u1ea3m<br \/>\nVi\u1ec7c s\u1eed d\u1ee5ng d\u1ecbch v\u1ee5 l\u00e0 tr\u00e1ch nhi\u1ec7m c\u1ee7a b\u1ea1n. D\u1ecbch v\u1ee5 \u0111\u01b0\u1ee3c cung c\u1ea5p d\u01b0\u1edbi d\u1ea1ng \u201cnh\u01b0 n\u00f3\u201d v\u00e0 \u201ckhi n\u00e0o c\u00f3 s\u1eb5n\u201d. D\u1ecbch v\u1ee5 \u0111\u01b0\u1ee3c tr\u00ecnh b\u00e0y m\u00e0 kh\u00f4ng c\u00f3 b\u1ea5t k\u1ef3 h\u00ecnh th\u1ee9c b\u1ea3o \u0111\u1ea3m n\u00e0o, cho d\u00f9 l\u00e0 t\u01b0\u1eddng thu\u1eadt ho\u1eb7c ng\u1ee5 \u00fd, bao g\u1ed3m nh\u01b0ng kh\u00f4ng gi\u1edbi h\u1ea1n v\u00e0o c\u00e1c b\u1ea3o \u0111\u1ea3m<\/p>\n<p>ng\u1ee5 \u00fd v\u1ec1 t\u00ednh hi\u1ec7u qu\u1ea3 th\u01b0\u01a1ng m\u1ea1i, t\u00ednh ph\u00f9 h\u1ee3p cho m\u1ed9t m\u1ee5c \u0111\u00edch c\u1ee5 th\u1ec3, kh\u00f4ng vi ph\u1ea1m, ho\u1eb7c m\u1ed9t m\u1ee9c \u0111\u1ed9 c\u1ee5 th\u1ec3 c\u1ee7a hi\u1ec7u su\u1ea5t. https:\/\/dangiaohungthinh.com, c\u00e1c c\u00f4ng ty con, c\u1ed9ng t\u00e1c vi\u00ean v\u00e0 b\u00ean c\u1ea5p ph\u00e9p c\u1ee7a ch\u00fang t\u00f4i kh\u00f4ng \u0111\u1ea3m b\u1ea3o r\u1eb1ng: (a) d\u1ecbch v\u1ee5 s\u1ebd ho\u1ea1t \u0111\u1ed9ng li\u00ean t\u1ee5c, an to\u00e0n ho\u1eb7c c\u00f3 s\u1eb5n v\u00e0o th\u1eddi \u0111i\u1ec3m ho\u1eb7c \u0111\u1ecba \u0111i\u1ec3m c\u1ee5 th\u1ec3; (b) b\u1ea5t k\u1ef3 l\u1ed7i ho\u1eb7c thi\u1ebfu s\u00f3t n\u00e0o s\u1ebd \u0111\u01b0\u1ee3c s\u1eeda ch\u1eefa; (c) d\u1ecbch v\u1ee5 s\u1ebd kh\u00f4ng ch\u1ee9a virus ho\u1eb7c c\u00e1c th\u00e0nh ph\u1ea7n c\u00f3 h\u1ea1i; ho\u1eb7c (d) c\u00e1c k\u1ebft qu\u1ea3 t\u1eeb vi\u1ec7c s\u1eed d\u1ee5ng d\u1ecbch v\u1ee5 s\u1ebd \u0111\u00e1p \u1ee9ng y\u00eau c\u1ea7u c\u1ee7a b\u1ea1n.<\/p>\n","protected":false},"excerpt":{"rendered":"<p>H\u00e3y xem x\u00e9t k\u1ef9 c\u00e1c th\u00f4ng tin n\u00e0y tr\u01b0\u1edbc khi s\u1eed d\u1ee5ng c\u00e1c d\u1ecbch v\u1ee5 \u0111\u01b0\u1ee3c cung c\u1ea5p t\u1ea1i https:\/\/dangiaohungthinh.com. Vi\u1ec7c truy c\u1eadp v\u00e0 s\u1eed d\u1ee5ng d\u1ecbch v\u1ee5 n\u00e0y ph\u1ee5 thu\u1ed9c v\u00e0o s\u1ef1 \u0111\u1ed3ng \u00fd v\u00e0 tu\u00e2n th\u1ee7 c\u00e1c \u0111i\u1ec1u ki\u1ec7n n\u00e0y. C\u00e1c \u0111i\u1ec1u ki\u1ec7n n\u00e0y c\u00f3 hi\u1ec7u l\u1ef1c \u0111\u1ed1i [&hellip;]<\/p>\n","protected":false},"author":1,"featured_media":0,"parent":0,"menu_order":0,"comment_status":"closed","ping_status":"closed","template":"","meta":{"footnotes":""},"class_list":["post-13","page","type-page","status-publish","hentry"],"yoast_head":"<!-- This site is optimized with the Yoast SEO plugin v21.5 - https:\/\/yoast.com\/wordpress\/plugins\/seo\/ -->\n<title>\u0110i\u1ec1u kho\u1ea3n s\u1eed d\u1ee5ng - Dangiaohungthinh<\/title>\n<meta name=\"robots\" content=\"index, follow, max-snippet:-1, max-image-preview:large, max-video-preview:-1\" \/>\n<link rel=\"canonical\" href=\"https:\/\/dangiaohungthinh.com\/blog\/dieu-khoan-su-dung\/\" \/>\n<meta property=\"og:locale\" content=\"vi_VN\" \/>\n<meta property=\"og:type\" content=\"article\" \/>\n<meta property=\"og:title\" content=\"\u0110i\u1ec1u kho\u1ea3n s\u1eed d\u1ee5ng - Dangiaohungthinh\" \/>\n<meta property=\"og:description\" content=\"H\u00e3y xem x\u00e9t k\u1ef9 c\u00e1c th\u00f4ng tin n\u00e0y tr\u01b0\u1edbc khi s\u1eed d\u1ee5ng c\u00e1c d\u1ecbch v\u1ee5 \u0111\u01b0\u1ee3c cung c\u1ea5p t\u1ea1i https:\/\/dangiaohungthinh.com. Vi\u1ec7c truy c\u1eadp v\u00e0 s\u1eed d\u1ee5ng d\u1ecbch v\u1ee5 n\u00e0y ph\u1ee5 thu\u1ed9c v\u00e0o s\u1ef1 \u0111\u1ed3ng \u00fd v\u00e0 tu\u00e2n th\u1ee7 c\u00e1c \u0111i\u1ec1u ki\u1ec7n n\u00e0y. C\u00e1c \u0111i\u1ec1u ki\u1ec7n n\u00e0y c\u00f3 hi\u1ec7u l\u1ef1c \u0111\u1ed1i [&hellip;]\" \/>\n<meta property=\"og:url\" content=\"https:\/\/dangiaohungthinh.com\/blog\/dieu-khoan-su-dung\/\" \/>\n<meta property=\"og:site_name\" content=\"Dangiaohungthinh\" \/>\n<meta name=\"twitter:card\" content=\"summary_large_image\" \/>\n<meta name=\"twitter:label1\" content=\"\u01af\u1edbc t\u00ednh th\u1eddi gian \u0111\u1ecdc\" \/>\n\t<meta name=\"twitter:data1\" content=\"5 ph\u00fat\" \/>\n<script type=\"application\/ld+json\" class=\"yoast-schema-graph\">{\"@context\":\"https:\/\/schema.org\",\"@graph\":[{\"@type\":\"WebPage\",\"@id\":\"https:\/\/dangiaohungthinh.com\/blog\/dieu-khoan-su-dung\/\",\"url\":\"https:\/\/dangiaohungthinh.com\/blog\/dieu-khoan-su-dung\/\",\"name\":\"\u0110i\u1ec1u kho\u1ea3n s\u1eed d\u1ee5ng - Dangiaohungthinh\",\"isPartOf\":{\"@id\":\"https:\/\/dangiaohungthinh.com\/blog\/#website\"},\"datePublished\":\"2023-11-17T00:39:49+00:00\",\"dateModified\":\"2023-11-17T00:39:49+00:00\",\"breadcrumb\":{\"@id\":\"https:\/\/dangiaohungthinh.com\/blog\/dieu-khoan-su-dung\/#breadcrumb\"},\"inLanguage\":\"vi\",\"potentialAction\":[{\"@type\":\"ReadAction\",\"target\":[\"https:\/\/dangiaohungthinh.com\/blog\/dieu-khoan-su-dung\/\"]}]},{\"@type\":\"BreadcrumbList\",\"@id\":\"https:\/\/dangiaohungthinh.com\/blog\/dieu-khoan-su-dung\/#breadcrumb\",\"itemListElement\":[{\"@type\":\"ListItem\",\"position\":1,\"name\":\"Home\",\"item\":\"https:\/\/dangiaohungthinh.com\/blog\/\"},{\"@type\":\"ListItem\",\"position\":2,\"name\":\"\u0110i\u1ec1u kho\u1ea3n s\u1eed d\u1ee5ng\"}]},{\"@type\":\"WebSite\",\"@id\":\"https:\/\/dangiaohungthinh.com\/blog\/#website\",\"url\":\"https:\/\/dangiaohungthinh.com\/blog\/\",\"name\":\"Dangiaohungthinh\",\"description\":\"Blog\",\"publisher\":{\"@id\":\"https:\/\/dangiaohungthinh.com\/blog\/#organization\"},\"potentialAction\":[{\"@type\":\"SearchAction\",\"target\":{\"@type\":\"EntryPoint\",\"urlTemplate\":\"https:\/\/dangiaohungthinh.com\/blog\/?s={search_term_string}\"},\"query-input\":\"required name=search_term_string\"}],\"inLanguage\":\"vi\"},{\"@type\":\"Organization\",\"@id\":\"https:\/\/dangiaohungthinh.com\/blog\/#organization\",\"name\":\"Dangiaohungthinh\",\"url\":\"https:\/\/dangiaohungthinh.com\/blog\/\",\"logo\":{\"@type\":\"ImageObject\",\"inLanguage\":\"vi\",\"@id\":\"https:\/\/dangiaohungthinh.com\/blog\/#\/schema\/logo\/image\/\",\"url\":\"https:\/\/dangiaohungthinh.com\/blog\/wp-content\/uploads\/2023\/11\/cropped-\u0421\u043d\u0438\u043c\u043e\u043a-\u044d\u043a\u0440\u0430\u043d\u0430-2023-11-17-\u0432-03.17.21.png\",\"contentUrl\":\"https:\/\/dangiaohungthinh.com\/blog\/wp-content\/uploads\/2023\/11\/cropped-\u0421\u043d\u0438\u043c\u043e\u043a-\u044d\u043a\u0440\u0430\u043d\u0430-2023-11-17-\u0432-03.17.21.png\",\"width\":304,\"height\":304,\"caption\":\"Dangiaohungthinh\"},\"image\":{\"@id\":\"https:\/\/dangiaohungthinh.com\/blog\/#\/schema\/logo\/image\/\"}}]}<\/script>\n<!-- \/ Yoast SEO plugin. -->","yoast_head_json":{"title":"\u0110i\u1ec1u kho\u1ea3n s\u1eed d\u1ee5ng - Dangiaohungthinh","robots":{"index":"index","follow":"follow","max-snippet":"max-snippet:-1","max-image-preview":"max-image-preview:large","max-video-preview":"max-video-preview:-1"},"canonical":"https:\/\/dangiaohungthinh.com\/blog\/dieu-khoan-su-dung\/","og_locale":"vi_VN","og_type":"article","og_title":"\u0110i\u1ec1u kho\u1ea3n s\u1eed d\u1ee5ng - Dangiaohungthinh","og_description":"H\u00e3y xem x\u00e9t k\u1ef9 c\u00e1c th\u00f4ng tin n\u00e0y tr\u01b0\u1edbc khi s\u1eed d\u1ee5ng c\u00e1c d\u1ecbch v\u1ee5 \u0111\u01b0\u1ee3c cung c\u1ea5p t\u1ea1i https:\/\/dangiaohungthinh.com. Vi\u1ec7c truy c\u1eadp v\u00e0 s\u1eed d\u1ee5ng d\u1ecbch v\u1ee5 n\u00e0y ph\u1ee5 thu\u1ed9c v\u00e0o s\u1ef1 \u0111\u1ed3ng \u00fd v\u00e0 tu\u00e2n th\u1ee7 c\u00e1c \u0111i\u1ec1u ki\u1ec7n n\u00e0y. C\u00e1c \u0111i\u1ec1u ki\u1ec7n n\u00e0y c\u00f3 hi\u1ec7u l\u1ef1c \u0111\u1ed1i [&hellip;]","og_url":"https:\/\/dangiaohungthinh.com\/blog\/dieu-khoan-su-dung\/","og_site_name":"Dangiaohungthinh","twitter_card":"summary_large_image","twitter_misc":{"\u01af\u1edbc t\u00ednh th\u1eddi gian \u0111\u1ecdc":"5 ph\u00fat"},"schema":{"@context":"https:\/\/schema.org","@graph":[{"@type":"WebPage","@id":"https:\/\/dangiaohungthinh.com\/blog\/dieu-khoan-su-dung\/","url":"https:\/\/dangiaohungthinh.com\/blog\/dieu-khoan-su-dung\/","name":"\u0110i\u1ec1u kho\u1ea3n s\u1eed d\u1ee5ng - Dangiaohungthinh","isPartOf":{"@id":"https:\/\/dangiaohungthinh.com\/blog\/#website"},"datePublished":"2023-11-17T00:39:49+00:00","dateModified":"2023-11-17T00:39:49+00:00","breadcrumb":{"@id":"https:\/\/dangiaohungthinh.com\/blog\/dieu-khoan-su-dung\/#breadcrumb"},"inLanguage":"vi","potentialAction":[{"@type":"ReadAction","target":["https:\/\/dangiaohungthinh.com\/blog\/dieu-khoan-su-dung\/"]}]},{"@type":"BreadcrumbList","@id":"https:\/\/dangiaohungthinh.com\/blog\/dieu-khoan-su-dung\/#breadcrumb","itemListElement":[{"@type":"ListItem","position":1,"name":"Home","item":"https:\/\/dangiaohungthinh.com\/blog\/"},{"@type":"ListItem","position":2,"name":"\u0110i\u1ec1u kho\u1ea3n s\u1eed d\u1ee5ng"}]},{"@type":"WebSite","@id":"https:\/\/dangiaohungthinh.com\/blog\/#website","url":"https:\/\/dangiaohungthinh.com\/blog\/","name":"Dangiaohungthinh","description":"Blog","publisher":{"@id":"https:\/\/dangiaohungthinh.com\/blog\/#organization"},"potentialAction":[{"@type":"SearchAction","target":{"@type":"EntryPoint","urlTemplate":"https:\/\/dangiaohungthinh.com\/blog\/?s={search_term_string}"},"query-input":"required name=search_term_string"}],"inLanguage":"vi"},{"@type":"Organization","@id":"https:\/\/dangiaohungthinh.com\/blog\/#organization","name":"Dangiaohungthinh","url":"https:\/\/dangiaohungthinh.com\/blog\/","logo":{"@type":"ImageObject","inLanguage":"vi","@id":"https:\/\/dangiaohungthinh.com\/blog\/#\/schema\/logo\/image\/","url":"https:\/\/dangiaohungthinh.com\/blog\/wp-content\/uploads\/2023\/11\/cropped-\u0421\u043d\u0438\u043c\u043e\u043a-\u044d\u043a\u0440\u0430\u043d\u0430-2023-11-17-\u0432-03.17.21.png","contentUrl":"https:\/\/dangiaohungthinh.com\/blog\/wp-content\/uploads\/2023\/11\/cropped-\u0421\u043d\u0438\u043c\u043e\u043a-\u044d\u043a\u0440\u0430\u043d\u0430-2023-11-17-\u0432-03.17.21.png","width":304,"height":304,"caption":"Dangiaohungthinh"},"image":{"@id":"https:\/\/dangiaohungthinh.com\/blog\/#\/schema\/logo\/image\/"}}]}},"_links":{"self":[{"href":"https:\/\/dangiaohungthinh.com\/blog\/wp-json\/wp\/v2\/pages\/13"}],"collection":[{"href":"https:\/\/dangiaohungthinh.com\/blog\/wp-json\/wp\/v2\/pages"}],"about":[{"href":"https:\/\/dangiaohungthinh.com\/blog\/wp-json\/wp\/v2\/types\/page"}],"author":[{"embeddable":true,"href":"https:\/\/dangiaohungthinh.com\/blog\/wp-json\/wp\/v2\/users\/1"}],"replies":[{"embeddable":true,"href":"https:\/\/dangiaohungthinh.com\/blog\/wp-json\/wp\/v2\/comments?post=13"}],"version-history":[{"count":1,"href":"https:\/\/dangiaohungthinh.com\/blog\/wp-json\/wp\/v2\/pages\/13\/revisions"}],"predecessor-version":[{"id":14,"href":"https:\/\/dangiaohungthinh.com\/blog\/wp-json\/wp\/v2\/pages\/13\/revisions\/14"}],"wp:attachment":[{"href":"https:\/\/dangiaohungthinh.com\/blog\/wp-json\/wp\/v2\/media?parent=13"}],"curies":[{"name":"wp","href":"https:\/\/api.w.org\/{rel}","templated":true}]}}